{"id":3,"date":"2021-09-21T14:17:20","date_gmt":"2021-09-21T14:17:20","guid":{"rendered":"http:\/\/box2137\/cgi\/addon_GT.cgi?s=GT::WP::Install::EIG+%28westcoac%29+-+10.0.87.20+%5BWordpress%3b+\/var\/hp\/common\/lib\/Wordpress.pm%3b+543%3b+Hosting::gap_call%5D\/?page_id=3"},"modified":"2021-10-12T04:09:18","modified_gmt":"2021-10-12T08:09:18","slug":"privacy-policy","status":"publish","type":"page","link":"https:\/\/westysoloteam.com\/fr\/privacy-policy\/","title":{"rendered":"Politique de confidentialit\u00e9"},"content":{"rendered":"<p><em>Cette page a \u00e9t\u00e9 modifi\u00e9e pour la derni\u00e8re fois le 10\/08\/2021, v\u00e9rifi\u00e9e pour la derni\u00e8re fois le 10\/11\/2021 et s'applique \u00e0 tous les clients.<\/em><\/p>\n\n\n\n<h2 class=\"wp-block-heading\">1. Interpr\u00e9tation et d\u00e9finitions<\/h2>\n\n\n\n<p>Cette politique de confidentialit\u00e9 d\u00e9crit nos politiques et proc\u00e9dures sur la collecte, l'utilisation et la divulgation de vos informations lorsque vous utilisez le service et vous informe de vos droits \u00e0 la confidentialit\u00e9 et de la mani\u00e8re dont la loi vous prot\u00e8ge.<\/p>\n\n\n\n<p>Nous utilisons vos donn\u00e9es personnelles pour fournir et am\u00e9liorer le service. En utilisant le Service, vous acceptez la collecte et l'utilisation d'informations conform\u00e9ment \u00e0 la pr\u00e9sente politique de confidentialit\u00e9.<\/p>\n\n\n\n<p>Aux fins de cette politique de confidentialit\u00e9:<\/p>\n\n\n\n<ul class=\"wp-block-list\"><li><strong>Compte<\/strong>&nbsp;signifie un compte unique cr\u00e9\u00e9 pour que vous puissiez acc\u00e9der \u00e0 notre service ou \u00e0 des parties de notre service.<\/li><li><strong>Entreprise<\/strong>&nbsp;(d\u00e9nomm\u00e9e \u00abla Soci\u00e9t\u00e9\u00bb, \u00abNous\u00bb, \u00abNotre\u00bb ou \u00abNotre\u00bb dans le pr\u00e9sent Contrat) fait r\u00e9f\u00e9rence \u00e0 Westy Solo Team.<\/li><li><strong>Cookies<\/strong>&nbsp;sont de petits fichiers plac\u00e9s sur votre ordinateur, appareil mobile ou tout autre appareil par un site Web, contenant les d\u00e9tails de votre historique de navigation sur ce site Web parmi ses nombreuses utilisations.<\/li><li><strong>Pays<\/strong>&nbsp;fait r\u00e9f\u00e9rence \u00e0: Quebec, Canada<\/li><li><strong>Dispositif<\/strong>&nbsp;d\u00e9signe tout appareil pouvant acc\u00e9der au Service tel qu'un ordinateur, un t\u00e9l\u00e9phone portable ou une tablette num\u00e9rique.<\/li><li><strong>Donn\u00e9es personnelles<\/strong>&nbsp;d\u00e9signe toute information relative \u00e0 une personne identifi\u00e9e ou identifiable.<\/li><li><strong>Service<\/strong>&nbsp;r\u00e9f\u00e8re au site Web<\/li><li><strong>Fournisseur de services<\/strong>&nbsp;d\u00e9signe toute personne physique ou morale qui traite les donn\u00e9es pour le compte de la Soci\u00e9t\u00e9. Il se r\u00e9f\u00e8re \u00e0 des soci\u00e9t\u00e9s tierces ou \u00e0 des personnes employ\u00e9es par la Soci\u00e9t\u00e9 pour faciliter le Service, pour fournir le Service au nom de la Soci\u00e9t\u00e9, pour ex\u00e9cuter des services li\u00e9s au Service ou pour aider la Soci\u00e9t\u00e9 \u00e0 analyser la fa\u00e7on dont le Service est utilis\u00e9.<\/li><li><strong>Service de m\u00e9dias sociaux tiers<\/strong>&nbsp;fait r\u00e9f\u00e9rence \u00e0 tout site Web ou \u00e0 tout site Web de r\u00e9seau social via lequel un utilisateur peut se connecter ou cr\u00e9er un compte pour utiliser le service.<\/li><li><strong>Donn\u00e9es d'utilisation<\/strong>&nbsp;fait r\u00e9f\u00e9rence aux donn\u00e9es collect\u00e9es automatiquement, soit g\u00e9n\u00e9r\u00e9es par l'utilisation du Service, soit \u00e0 partir de l'infrastructure du Service elle-m\u00eame (par exemple, la dur\u00e9e d'une visite de page).<\/li><li><strong>Site Web<\/strong>&nbsp;fait r\u00e9f\u00e9rence \u00e0 Westy Solo Team, accessible depuis&nbsp;<a href=\"https:\/\/westysoloteam.com\/fr\/\" target=\"_blank\" rel=\"noreferrer noopener\">http:\/\/www.westysoloteam.com<\/a><\/li><li><strong>Vous<\/strong>&nbsp;d\u00e9signe la personne acc\u00e9dant ou utilisant le Service, ou la soci\u00e9t\u00e9, ou toute autre entit\u00e9 juridique au nom de laquelle cette personne acc\u00e8de ou utilise le Service, selon le cas.<\/li><\/ul>\n\n\n\n<h2 class=\"wp-block-heading\">2. Types de donn\u00e9es collect\u00e9es<\/h2>\n\n\n\n<p>Lors de l'utilisation de notre service, nous pouvons vous demander de nous fournir certaines informations personnellement identifiables qui peuvent \u00eatre utilis\u00e9es pour vous contacter ou vous identifier. Les informations personnellement identifiables peuvent inclure, mais sans s'y limiter:<\/p>\n\n\n\n<ul class=\"wp-block-list\"><li>Adresse mail<\/li><li>Pr\u00e9nom et nom<\/li><li>Num\u00e9ro de t\u00e9l\u00e9phone<\/li><li>Adresse, \u00e9tat, province, code postal, ville<\/li><li>Donn\u00e9es d'utilisation<\/li><\/ul>\n\n\n\n<h2 class=\"wp-block-heading\">3. Donn\u00e9es d'utilisation<\/h2>\n\n\n\n<p>Les donn\u00e9es d'utilisation sont collect\u00e9es automatiquement lors de l'utilisation du service.<\/p>\n\n\n\n<p>Les donn\u00e9es d'utilisation peuvent inclure des informations telles que l'adresse de protocole Internet de votre appareil (par exemple, l'adresse IP), le type de navigateur, la version du navigateur, les pages de notre service que vous visitez, l'heure et la date de votre visite, le temps pass\u00e9 sur ces pages, l'appareil unique identifiants et autres donn\u00e9es de diagnostic.<\/p>\n\n\n\n<p>Lorsque vous acc\u00e9dez au service par ou via un appareil mobile, nous pouvons collecter certaines informations automatiquement, y compris, mais sans s'y limiter, le type d'appareil mobile que vous utilisez, l'identifiant unique de votre appareil mobile, l'adresse IP de votre appareil mobile, votre mobile syst\u00e8me d'exploitation, le type de navigateur Internet mobile que vous utilisez, les identifiants uniques de l'appareil et d'autres donn\u00e9es de diagnostic.<\/p>\n\n\n\n<p>Nous pouvons \u00e9galement collecter des informations que votre navigateur envoie chaque fois que vous visitez notre service ou lorsque vous acc\u00e9dez au service par ou via un appareil mobile.<\/p>\n\n\n\n<h2 class=\"wp-block-heading\">4. Utilisation de vos donn\u00e9es personnelles<\/h2>\n\n\n\n<p>La Soci\u00e9t\u00e9 peut utiliser les donn\u00e9es personnelles aux fins suivantes:<\/p>\n\n\n\n<ul class=\"wp-block-list\"><li><strong>Pour fournir et maintenir notre service<\/strong>, y compris pour surveiller l'utilisation de notre service.<\/li><li><strong>Pour g\u00e9rer votre compte:<\/strong>&nbsp;pour g\u00e9rer votre inscription en tant qu'utilisateur du service. Les donn\u00e9es personnelles que vous fournissez peuvent vous donner acc\u00e8s \u00e0 diff\u00e9rentes fonctionnalit\u00e9s du service qui vous sont disponibles en tant qu'utilisateur enregistr\u00e9.<\/li><li><strong>Pour l'ex\u00e9cution d'un contrat:<\/strong>&nbsp;le d\u00e9veloppement, la conformit\u00e9 et l'engagement du contrat d'achat pour les produits, articles ou services que vous avez achet\u00e9s ou de tout autre contrat avec nous par le biais du service.<\/li><li><strong>Vous contacter:<\/strong>&nbsp;Pour vous contacter par e-mail, appels t\u00e9l\u00e9phoniques, SMS ou autres formes \u00e9quivalentes de communication \u00e9lectronique, telles que les notifications push d'une application mobile concernant les mises \u00e0 jour ou les communications informatives li\u00e9es aux fonctionnalit\u00e9s, produits ou services sous contrat, y compris les mises \u00e0 jour de s\u00e9curit\u00e9, lorsque cela est n\u00e9cessaire ou raisonnable pour leur mise en \u0153uvre.<\/li><li><strong>Pour vous fournir<\/strong>&nbsp;des nouvelles, des offres sp\u00e9ciales et des informations g\u00e9n\u00e9rales sur d'autres biens, services et \u00e9v\u00e9nements que nous proposons qui sont similaires \u00e0 ceux que vous avez d\u00e9j\u00e0 achet\u00e9s ou sur lesquels vous vous \u00eates renseign\u00e9, sauf si vous avez choisi de ne pas recevoir ces informations.<\/li><li><strong>Pour g\u00e9rer vos demandes:<\/strong>&nbsp;Pour assister et g\u00e9rer vos demandes.<\/li><li><strong>Pour les transferts d'entreprise:<\/strong>&nbsp;We may use Your information to evaluate or conduct a merger, divestiture, restructuring, reorganization, dissolution, or other sale or transfer of some or all of Our assets, whether as a going concern or as part of bankruptcy, liquidation, or similar proceeding, in which Personal Data held by Us about our Service users is among the assets transferred.<\/li><li><strong>\u00c0 d'autres fins:<\/strong>Nous pouvons utiliser vos informations \u00e0 d'autres fins, telles que l'analyse des donn\u00e9es, l'identification des tendances d'utilisation, la d\u00e9termination de l'efficacit\u00e9 de nos campagnes promotionnelles et pour \u00e9valuer et am\u00e9liorer notre service, nos produits, nos services, notre marketing et votre exp\u00e9rience.<\/li><\/ul>\n\n\n\n<p>Nous pouvons partager vos informations personnelles dans les situations suivantes:<\/p>\n\n\n\n<ul class=\"wp-block-list\"><li><strong>Avec les fournisseurs de services:<\/strong>&nbsp;Nous pouvons partager vos informations personnelles avec des fournisseurs de services pour surveiller et analyser l'utilisation de notre service, pour vous contacter.<\/li><li><strong>Avec votre accord:<\/strong>We may disclose Your personal information for any other purpose with Your consent<\/li><\/ul>\n\n\n\n<h2 class=\"wp-block-heading\">5. Conservation de vos donn\u00e9es personnelles<\/h2>\n\n\n\n<p>La Soci\u00e9t\u00e9 ne conservera vos donn\u00e9es personnelles que le temps n\u00e9cessaire aux fins \u00e9nonc\u00e9es dans la pr\u00e9sente politique de confidentialit\u00e9. Nous conserverons et utiliserons vos donn\u00e9es personnelles dans la mesure n\u00e9cessaire pour nous conformer \u00e0 nos obligations l\u00e9gales (par exemple, si nous sommes tenus de conserver vos donn\u00e9es pour nous conformer aux lois applicables), r\u00e9soudre les litiges et appliquer nos accords et politiques juridiques.<\/p>\n\n\n\n<p>La Soci\u00e9t\u00e9 conservera \u00e9galement les donn\u00e9es d'utilisation \u00e0 des fins d'analyse interne. Les donn\u00e9es d'utilisation sont g\u00e9n\u00e9ralement conserv\u00e9es pendant une p\u00e9riode plus courte, sauf lorsque ces donn\u00e9es sont utilis\u00e9es pour renforcer la s\u00e9curit\u00e9 ou pour am\u00e9liorer la fonctionnalit\u00e9 de notre service, ou nous sommes l\u00e9galement oblig\u00e9s de conserver ces donn\u00e9es pendant des p\u00e9riodes plus longues.<\/p>\n\n\n\n<h2 class=\"wp-block-heading\">6. Autres exigences l\u00e9gales<\/h2>\n\n\n\n<p>La Soci\u00e9t\u00e9 peut divulguer vos donn\u00e9es personnelles en croyant de bonne foi qu'une telle action est n\u00e9cessaire pour:<\/p>\n\n\n\n<ul class=\"wp-block-list\"><li>Se conformer \u00e0 une obligation l\u00e9gale<\/li><li>Prot\u00e9ger et d\u00e9fendre les droits ou la propri\u00e9t\u00e9 de l'entreprise<\/li><li>Pr\u00e9venir ou enqu\u00eater sur d'\u00e9ventuels actes r\u00e9pr\u00e9hensibles en relation avec le Service<\/li><li>Prot\u00e9ger la s\u00e9curit\u00e9 personnelle des Utilisateurs du Service ou du public<\/li><li>Prot\u00e9ger contre la responsabilit\u00e9 l\u00e9gale<\/li><\/ul>\n\n\n\n<h2 class=\"wp-block-heading\">7. S\u00e9curit\u00e9 de vos donn\u00e9es personnelles<\/h2>\n\n\n\n<p>La s\u00e9curit\u00e9 de vos donn\u00e9es personnelles est importante pour nous, mais rappelez-vous qu'aucune m\u00e9thode de transmission sur Internet ou m\u00e9thode de stockage \u00e9lectronique n'est s\u00e9curis\u00e9e \u00e0 100%. Bien que nous nous efforcions d'utiliser des moyens commercialement acceptables pour prot\u00e9ger vos donn\u00e9es personnelles, nous ne pouvons garantir leur s\u00e9curit\u00e9 absolue.<\/p>\n\n\n\n<h2 class=\"wp-block-heading\">8. Modifications de cette politique de confidentialit\u00e9<\/h2>\n\n\n\n<p> Nous pouvons mettre \u00e0 jour notre politique de confidentialit\u00e9 de temps \u00e0 autre. Nous vous informerons de tout changement en publiant la nouvelle politique de confidentialit\u00e9 sur cette page.<\/p>\n\n\n\n<p>Nous vous informerons par e-mail et \/ ou par un avis visible sur notre service, avant que le changement ne devienne effectif, et mettrons \u00e0 jour la date de \u00abderni\u00e8re mise \u00e0 jour\u00bb en haut de cette politique de confidentialit\u00e9.<\/p>\n\n\n\n<p>Il vous est conseill\u00e9 de consulter p\u00e9riodiquement cette politique de confidentialit\u00e9 pour tout changement. Les modifications apport\u00e9es \u00e0 cette politique de confidentialit\u00e9 sont effectives lorsqu'elles sont publi\u00e9es sur cette page.<\/p>","protected":false},"excerpt":{"rendered":"<p>This page was last changed on 08\/10\/2021, last checked on 11\/10\/2021 and applies to all customers. 1. Interpretation and definitions This Privacy Policy describes Our policies and procedures on the collection, use and disclosure of Your information when You use the Service and tells You about Your privacy rights and how the law protects You. [&hellip;]<\/p>\n","protected":false},"author":1,"featured_media":0,"parent":0,"menu_order":0,"comment_status":"closed","ping_status":"open","template":"","meta":{"nf_dc_page":"","_uag_custom_page_level_css":"","site-sidebar-layout":"default","site-content-layout":"default","ast-site-content-layout":"default","site-content-style":"default","site-sidebar-style":"default","ast-global-header-display":"","ast-banner-title-visibility":"","ast-main-header-display":"","ast-hfb-above-header-display":"","ast-hfb-below-header-display":"","ast-hfb-mobile-header-display":"","site-post-title":"","ast-breadcrumbs-content":"","ast-featured-img":"","footer-sml-layout":"","ast-disable-related-posts":"","theme-transparent-header-meta":"default","adv-header-id-meta":"","stick-header-meta":"","header-above-stick-meta":"","header-main-stick-meta":"","header-below-stick-meta":"","astra-migrate-meta-layouts":"default","ast-page-background-enabled":"default","ast-page-background-meta":{"desktop":{"background-color":"var(--ast-global-color-4)","background-image":"","background-repeat":"repeat","background-position":"center center","background-size":"auto","background-attachment":"scroll","background-type":"","background-media":"","overlay-type":"","overlay-color":"","overlay-opacity":"","overlay-gradient":""},"tablet":{"background-color":"","background-image":"","background-repeat":"repeat","background-position":"center center","background-size":"auto","background-attachment":"scroll","background-type":"","background-media":"","overlay-type":"","overlay-color":"","overlay-opacity":"","overlay-gradient":""},"mobile":{"background-color":"","background-image":"","background-repeat":"repeat","background-position":"center center","background-size":"auto","background-attachment":"scroll","background-type":"","background-media":"","overlay-type":"","overlay-color":"","overlay-opacity":"","overlay-gradient":""}},"ast-content-background-meta":{"desktop":{"background-color":"var(--ast-global-color-5)","background-image":"","background-repeat":"repeat","background-position":"center center","background-size":"auto","background-attachment":"scroll","background-type":"","background-media":"","overlay-type":"","overlay-color":"","overlay-opacity":"","overlay-gradient":""},"tablet":{"background-color":"var(--ast-global-color-5)","background-image":"","background-repeat":"repeat","background-position":"center center","background-size":"auto","background-attachment":"scroll","background-type":"","background-media":"","overlay-type":"","overlay-color":"","overlay-opacity":"","overlay-gradient":""},"mobile":{"background-color":"var(--ast-global-color-5)","background-image":"","background-repeat":"repeat","background-position":"center center","background-size":"auto","background-attachment":"scroll","background-type":"","background-media":"","overlay-type":"","overlay-color":"","overlay-opacity":"","overlay-gradient":""}},"footnotes":""},"class_list":["post-3","page","type-page","status-publish","hentry"],"uagb_featured_image_src":{"full":false,"thumbnail":false,"medium":false,"medium_large":false,"large":false,"1536x1536":false,"2048x2048":false,"trp-custom-language-flag":false,"mailpoet_newsletter_max":false,"woocommerce_thumbnail":false,"woocommerce_single":false,"woocommerce_gallery_thumbnail":false},"uagb_author_info":{"display_name":"philandflore","author_link":"https:\/\/westysoloteam.com\/fr\/author\/philandflore\/"},"uagb_comment_info":0,"uagb_excerpt":"This page was last changed on 08\/10\/2021, last checked on 11\/10\/2021 and applies to all customers. 1. Interpretation and definitions This Privacy Policy describes Our policies and procedures on the collection, use and disclosure of Your information when You use the Service and tells You about Your privacy rights and how the law protects You.\u2026","jetpack_sharing_enabled":true,"_links":{"self":[{"href":"https:\/\/westysoloteam.com\/fr\/wp-json\/wp\/v2\/pages\/3","targetHints":{"allow":["GET"]}}],"collection":[{"href":"https:\/\/westysoloteam.com\/fr\/wp-json\/wp\/v2\/pages"}],"about":[{"href":"https:\/\/westysoloteam.com\/fr\/wp-json\/wp\/v2\/types\/page"}],"author":[{"embeddable":true,"href":"https:\/\/westysoloteam.com\/fr\/wp-json\/wp\/v2\/users\/1"}],"replies":[{"embeddable":true,"href":"https:\/\/westysoloteam.com\/fr\/wp-json\/wp\/v2\/comments?post=3"}],"version-history":[{"count":4,"href":"https:\/\/westysoloteam.com\/fr\/wp-json\/wp\/v2\/pages\/3\/revisions"}],"predecessor-version":[{"id":620,"href":"https:\/\/westysoloteam.com\/fr\/wp-json\/wp\/v2\/pages\/3\/revisions\/620"}],"wp:attachment":[{"href":"https:\/\/westysoloteam.com\/fr\/wp-json\/wp\/v2\/media?parent=3"}],"curies":[{"name":"wp","href":"https:\/\/api.w.org\/{rel}","templated":true}]}}