{"id":87,"date":"2021-10-08T16:40:53","date_gmt":"2021-10-08T20:40:53","guid":{"rendered":"https:\/\/westysoloteam.com\/?page_id=87"},"modified":"2021-10-14T16:48:01","modified_gmt":"2021-10-14T20:48:01","slug":"flore","status":"publish","type":"page","link":"https:\/\/westysoloteam.com\/fr\/flore\/","title":{"rendered":"Flore"},"content":{"rendered":"<div class=\"row\">\n<div class=\"col-12 col-md-6 col-xl-4 mt-3\">\n<div class=\"p-3\">\n<p class=\"text-center\"><a href=\"https:\/\/i0.wp.com\/westysoloteam.com\/wp-content\/uploads\/2021\/10\/portrait-2-9.jpg?ssl=1\" data-rel=\"lightbox-gallery-bGlnaHRib3g=\" data-rl_title=\"\" data-rl_caption=\"\" title=\"\"><img data-recalc-dims=\"1\" loading=\"lazy\" decoding=\"async\" width=\"800\" height=\"960\" data-rel=\"lightbox\" class=\"wp-image-484\" src=\"https:\/\/i0.wp.com\/westysoloteam.com\/wp-content\/uploads\/2021\/10\/portrait-2-9.jpg?resize=800%2C960&#038;ssl=1\" alt=\"Beautiful Flore\" srcset=\"https:\/\/i0.wp.com\/westysoloteam.com\/wp-content\/uploads\/2021\/10\/portrait-2-9.jpg?w=800&amp;ssl=1 800w, https:\/\/i0.wp.com\/westysoloteam.com\/wp-content\/uploads\/2021\/10\/portrait-2-9.jpg?resize=250%2C300&amp;ssl=1 250w, https:\/\/i0.wp.com\/westysoloteam.com\/wp-content\/uploads\/2021\/10\/portrait-2-9.jpg?resize=768%2C922&amp;ssl=1 768w, https:\/\/i0.wp.com\/westysoloteam.com\/wp-content\/uploads\/2021\/10\/portrait-2-9.jpg?resize=10%2C12&amp;ssl=1 10w, https:\/\/i0.wp.com\/westysoloteam.com\/wp-content\/uploads\/2021\/10\/portrait-2-9.jpg?resize=600%2C720&amp;ssl=1 600w\" sizes=\"auto, (max-width: 800px) 100vw, 800px\" \/><\/a><\/p>\n<p>Flore a commenc\u00e9 sa carri\u00e8re sportive \u00e0 un tr\u00e8s jeune \u00e2ge et a particip\u00e9 \u00e0 des comp\u00e9titions nationales de gymnastique.<\/p>\n<p>Lorsqu\u2019elle \u00e9tait petite, elle apprenait d\u00e9j\u00e0 des chor\u00e9graphies \u00e0 ses amies \u00e0 chaque fois qu\u2019elles \u00e9taient ensemble.<\/p>\n<p>Lorsqu\u2019on lui demandait ce qu\u2019elle voudrait lorsqu\u2019elle serait grande, elle r\u00e9pondait: \u00ab Je veux \u00eatre danseuse! \u00bb.<\/p>\n<\/div>\n<\/div>\n<div class=\"col-12 col-md-6 col-xl-4 mt-3\">\n<div class=\"p-3\">\n<p class=\"text-center\"><a href=\"https:\/\/i0.wp.com\/westysoloteam.com\/wp-content\/uploads\/2021\/10\/portrait-5-3.jpg?ssl=1\" data-rel=\"lightbox-gallery-bGlnaHRib3g=\" data-rl_title=\"\" data-rl_caption=\"\" title=\"\"><img data-recalc-dims=\"1\" loading=\"lazy\" decoding=\"async\" width=\"800\" height=\"960\" data-rel=\"lightbox\" class=\"wp-image-489\" src=\"https:\/\/i0.wp.com\/westysoloteam.com\/wp-content\/uploads\/2021\/10\/portrait-5-3.jpg?resize=800%2C960&#038;ssl=1\" alt=\"Jumping Flore\" srcset=\"https:\/\/i0.wp.com\/westysoloteam.com\/wp-content\/uploads\/2021\/10\/portrait-5-3.jpg?w=800&amp;ssl=1 800w, https:\/\/i0.wp.com\/westysoloteam.com\/wp-content\/uploads\/2021\/10\/portrait-5-3.jpg?resize=250%2C300&amp;ssl=1 250w, https:\/\/i0.wp.com\/westysoloteam.com\/wp-content\/uploads\/2021\/10\/portrait-5-3.jpg?resize=768%2C922&amp;ssl=1 768w, https:\/\/i0.wp.com\/westysoloteam.com\/wp-content\/uploads\/2021\/10\/portrait-5-3.jpg?resize=10%2C12&amp;ssl=1 10w, https:\/\/i0.wp.com\/westysoloteam.com\/wp-content\/uploads\/2021\/10\/portrait-5-3.jpg?resize=600%2C720&amp;ssl=1 600w\" sizes=\"auto, (max-width: 800px) 100vw, 800px\" \/><br \/>\n<\/a><\/p>\n<p>Sa passion pour la danse ne cesse de grandir et elle est form\u00e9e en jazz, rock\u2019n roll, salsa, danse sportive, latine, lindy-hop, boogie-woogie ainsi qu\u2019en west coast swing.<\/p>\n<p>Flore a dit \u00ab Je suis tomb\u00e9e amoureuse de la danse en couple, car j\u2019aime le fait que l\u2019on puisse partager avec d\u2019autres personnes sans avoir \u00e0 parler. Tout n\u2019est que connexion.\u00bb Flore ne pouvait cependant pas choisir entre toutes ces danses. Elle r\u00e9ussissait \u00e0 toutes les danser avec succ\u00e8s. \u00ab Je veux tout faire, tout essayer, \u00eatre tout \u00bb disait Flore.<\/p>\n<\/div>\n<\/div>\n<div class=\"col-12 col-md-6 col-xl-4 mt-3\">\n<div class=\"p-3\"><a href=\"https:\/\/i0.wp.com\/westysoloteam.com\/wp-content\/uploads\/2021\/10\/portrait-3-9.jpg?ssl=1\" data-rel=\"lightbox-gallery-bGlnaHRib3g=\" data-rl_title=\"\" data-rl_caption=\"\" title=\"\"><img data-recalc-dims=\"1\" loading=\"lazy\" decoding=\"async\" width=\"800\" height=\"960\" data-rel=\"lightbox\" class=\"wp-image-488\" src=\"https:\/\/i0.wp.com\/westysoloteam.com\/wp-content\/uploads\/2021\/10\/portrait-3-9.jpg?resize=800%2C960&#038;ssl=1\" alt=\"Show picture\" srcset=\"https:\/\/i0.wp.com\/westysoloteam.com\/wp-content\/uploads\/2021\/10\/portrait-3-9.jpg?w=800&amp;ssl=1 800w, https:\/\/i0.wp.com\/westysoloteam.com\/wp-content\/uploads\/2021\/10\/portrait-3-9.jpg?resize=250%2C300&amp;ssl=1 250w, https:\/\/i0.wp.com\/westysoloteam.com\/wp-content\/uploads\/2021\/10\/portrait-3-9.jpg?resize=768%2C922&amp;ssl=1 768w, https:\/\/i0.wp.com\/westysoloteam.com\/wp-content\/uploads\/2021\/10\/portrait-3-9.jpg?resize=10%2C12&amp;ssl=1 10w, https:\/\/i0.wp.com\/westysoloteam.com\/wp-content\/uploads\/2021\/10\/portrait-3-9.jpg?resize=600%2C720&amp;ssl=1 600w\" sizes=\"auto, (max-width: 800px) 100vw, 800px\" \/><\/a><\/p>\n<p>En 2007 elle int\u00e8gre le \u2018Feeling Dance Show\u2019, l\u2019une des troupes de danse en couple les plus prestigieuses de Paris, et c\u2019est ici que d\u00e9marra sa carri\u00e8re professionnelle dans le<\/p>\n<p>Sa perc\u00e9e nationale fut sa victoire lors d\u2019une \u00e9mission de danse t\u00e9l\u00e9vis\u00e9e fran\u00e7aise avec son partenaire de danse Yann-Alrick Mortreuil en 2011. Ce succ\u00e8s l'entra\u00eene \u00e0 participer \u00e0 de nombreux shows internationaux, des films et des tournages de clip.<\/p>\n<\/div>\n<\/div>\n<div class=\"col-12 col-md-6 col-xl-4 mt-3\">\n<div class=\"p-3\">\n<p class=\"text-center\"><a href=\"https:\/\/i0.wp.com\/westysoloteam.com\/wp-content\/uploads\/2021\/10\/portrait-1-6.jpg?ssl=1\" data-rel=\"lightbox-gallery-bGlnaHRib3g=\" data-rl_title=\"\" data-rl_caption=\"\" title=\"\"><img data-recalc-dims=\"1\" loading=\"lazy\" decoding=\"async\" width=\"800\" height=\"960\" data-rel=\"lightbox\" class=\"wp-image-478\" src=\"https:\/\/i0.wp.com\/westysoloteam.com\/wp-content\/uploads\/2021\/10\/portrait-1-6.jpg?resize=800%2C960&#038;ssl=1\" alt=\"Social Flore\" srcset=\"https:\/\/i0.wp.com\/westysoloteam.com\/wp-content\/uploads\/2021\/10\/portrait-1-6.jpg?w=800&amp;ssl=1 800w, https:\/\/i0.wp.com\/westysoloteam.com\/wp-content\/uploads\/2021\/10\/portrait-1-6.jpg?resize=250%2C300&amp;ssl=1 250w, https:\/\/i0.wp.com\/westysoloteam.com\/wp-content\/uploads\/2021\/10\/portrait-1-6.jpg?resize=768%2C922&amp;ssl=1 768w, https:\/\/i0.wp.com\/westysoloteam.com\/wp-content\/uploads\/2021\/10\/portrait-1-6.jpg?resize=10%2C12&amp;ssl=1 10w, https:\/\/i0.wp.com\/westysoloteam.com\/wp-content\/uploads\/2021\/10\/portrait-1-6.jpg?resize=600%2C720&amp;ssl=1 600w\" sizes=\"auto, (max-width: 800px) 100vw, 800px\" \/><\/a><\/p>\n<p>Ensuite, elle d\u00e9couvre le West Coast Swing, qui lui offre tout ce qu\u2019elle aime de la danse: c\u2019\u00e9tait un mariage parfait entre la performance des danses latines et du jeu des danses swing et Lindy.<\/p>\n<p>Vous \u00eates forte, sexy, jazzy,\u2026 et vous pouvez jouer. Vous pouvez danser sur tous les styles de musique. La versatilit\u00e9 de cette discipline se retrouve tr\u00e8s difficilement dans d\u2019autres, \u00e9tant donn\u00e9 que la plupart se d\u00e9finissent par un style musical particulier. \u00ab Vous pouvez \u00eatre tant de personnages diff\u00e9rents! \u00bb remarque Flore.<\/p>\n<\/div>\n<\/div>\n<div class=\"col-12 col-md-6 col-xl-4 mt-3\">\n<div class=\"p-3\">\n<p class=\"text-center\"><a href=\"https:\/\/i0.wp.com\/westysoloteam.com\/wp-content\/uploads\/2021\/10\/portrait-9-1.jpg?ssl=1\" data-rel=\"lightbox-gallery-bGlnaHRib3g=\" data-rl_title=\"\" data-rl_caption=\"\" title=\"\"><img data-recalc-dims=\"1\" loading=\"lazy\" decoding=\"async\" width=\"800\" height=\"960\" data-rel=\"lightbox\" class=\"wp-image-479\" src=\"https:\/\/i0.wp.com\/westysoloteam.com\/wp-content\/uploads\/2021\/10\/portrait-9-1.jpg?resize=800%2C960&#038;ssl=1\" alt=\"Flore show\" srcset=\"https:\/\/i0.wp.com\/westysoloteam.com\/wp-content\/uploads\/2021\/10\/portrait-9-1.jpg?w=800&amp;ssl=1 800w, https:\/\/i0.wp.com\/westysoloteam.com\/wp-content\/uploads\/2021\/10\/portrait-9-1.jpg?resize=250%2C300&amp;ssl=1 250w, https:\/\/i0.wp.com\/westysoloteam.com\/wp-content\/uploads\/2021\/10\/portrait-9-1.jpg?resize=768%2C922&amp;ssl=1 768w, https:\/\/i0.wp.com\/westysoloteam.com\/wp-content\/uploads\/2021\/10\/portrait-9-1.jpg?resize=10%2C12&amp;ssl=1 10w, https:\/\/i0.wp.com\/westysoloteam.com\/wp-content\/uploads\/2021\/10\/portrait-9-1.jpg?resize=600%2C720&amp;ssl=1 600w\" sizes=\"auto, (max-width: 800px) 100vw, 800px\" \/><\/a><\/p>\n<p>\u00ab Ce fut difficile de danser tous ces personnages au d\u00e9but, mais j\u2019ai appris par la suite que ce n\u2019\u00e9tait pas moi, je jouais un r\u00f4le. Une fois que vous l\u2019avez compris, c\u2019est g\u00e9nial, vous pouvez soudainement \u00eatre qui vous voulez! Et vous pouvez \u00eatre la personne que vous \u00eates en m\u00eame temps. \u00bb<\/p>\n<p>L\u2019esprit de \u00ab vous pouvez \u00eatre qui vous voulez \u00bb est ce que transmet Flore \u00e0 ses \u00e9l\u00e8ves. C\u2019est pour cela qu\u2019elle aime enseigner. \u00ab Je veux aider les gens \u00e0 prendre confiance en eux, confiance en leur corps. \u00bb Elle sait que cela peut \u00eatre difficile de sortir de sa coquille et de ne pas avoir peur, surtout pour les femmes followers. \u00ab J\u2019adore voir les danseurs devenir \u2018eux-m\u00eames\u2019. \u00bb<\/p>\n<\/div>\n<\/div>\n<div class=\"col-12 col-md-6 col-xl-4 mt-3\">\n<div class=\"p-3\">\n<p class=\"text-center\"><a href=\"https:\/\/i0.wp.com\/westysoloteam.com\/wp-content\/uploads\/2021\/10\/portrait-4-6.jpg?ssl=1\" data-rel=\"lightbox-gallery-bGlnaHRib3g=\" data-rl_title=\"\" data-rl_caption=\"\" title=\"\"><img data-recalc-dims=\"1\" loading=\"lazy\" decoding=\"async\" width=\"800\" height=\"960\" data-rel=\"lightbox\" class=\"wp-image-480\" src=\"https:\/\/i0.wp.com\/westysoloteam.com\/wp-content\/uploads\/2021\/10\/portrait-4-6.jpg?resize=800%2C960&#038;ssl=1\" alt=\"Simple Flore\" srcset=\"https:\/\/i0.wp.com\/westysoloteam.com\/wp-content\/uploads\/2021\/10\/portrait-4-6.jpg?w=800&amp;ssl=1 800w, https:\/\/i0.wp.com\/westysoloteam.com\/wp-content\/uploads\/2021\/10\/portrait-4-6.jpg?resize=250%2C300&amp;ssl=1 250w, https:\/\/i0.wp.com\/westysoloteam.com\/wp-content\/uploads\/2021\/10\/portrait-4-6.jpg?resize=768%2C922&amp;ssl=1 768w, https:\/\/i0.wp.com\/westysoloteam.com\/wp-content\/uploads\/2021\/10\/portrait-4-6.jpg?resize=10%2C12&amp;ssl=1 10w, https:\/\/i0.wp.com\/westysoloteam.com\/wp-content\/uploads\/2021\/10\/portrait-4-6.jpg?resize=600%2C720&amp;ssl=1 600w\" sizes=\"auto, (max-width: 800px) 100vw, 800px\" \/><\/a><\/p>\n<p>Elle affectionne particuli\u00e8rement travailler avec des \u00e9l\u00e8ves sur le long terme. \u00ab J\u2019aime coacher quelqu\u2019un et travailler sur les choses qu\u2019ils n\u2019osent pas. J\u2019aime \u00e9tudier mes \u00e9l\u00e8ves et les aider \u00e0 grandir. \u00bb<\/p>\n<p>C'est de cette passion de la danse et de vouloir aider ses \u00e9l\u00e8ves \u00e0 \"se trouver\" qu'est n\u00e9 le projet Westy Solo Team. Une troupe solo \u00e0 l'international, une grande famille d'entraide.<\/p>\n<\/div>\n<\/div>\n<\/div>","protected":false},"excerpt":{"rendered":"<p>Flore started out as an athlete at a very young age and competed nationally gymnastics competitions. As a kid, you could find Flore organizing her friends into dance routines anytime they got together. When asked what she wanted to be when she grew up, she said, \u201cA dancer!\u201d Her passion for dancing grew and she [&hellip;]<\/p>\n","protected":false},"author":2,"featured_media":0,"parent":0,"menu_order":0,"comment_status":"closed","ping_status":"closed","template":"","meta":{"nf_dc_page":"","_uag_custom_page_level_css":"","site-sidebar-layout":"default","site-content-layout":"default","ast-site-content-layout":"default","site-content-style":"default","site-sidebar-style":"default","ast-global-header-display":"","ast-banner-title-visibility":"","ast-main-header-display":"","ast-hfb-above-header-display":"","ast-hfb-below-header-display":"","ast-hfb-mobile-header-display":"","site-post-title":"","ast-breadcrumbs-content":"","ast-featured-img":"","footer-sml-layout":"","ast-disable-related-posts":"","theme-transparent-header-meta":"default","adv-header-id-meta":"","stick-header-meta":"","header-above-stick-meta":"","header-main-stick-meta":"","header-below-stick-meta":"","astra-migrate-meta-layouts":"default","ast-page-background-enabled":"default","ast-page-background-meta":{"desktop":{"background-color":"var(--ast-global-color-4)","background-image":"","background-repeat":"repeat","background-position":"center center","background-size":"auto","background-attachment":"scroll","background-type":"","background-media":"","overlay-type":"","overlay-color":"","overlay-opacity":"","overlay-gradient":""},"tablet":{"background-color":"","background-image":"","background-repeat":"repeat","background-position":"center center","background-size":"auto","background-attachment":"scroll","background-type":"","background-media":"","overlay-type":"","overlay-color":"","overlay-opacity":"","overlay-gradient":""},"mobile":{"background-color":"","background-image":"","background-repeat":"repeat","background-position":"center center","background-size":"auto","background-attachment":"scroll","background-type":"","background-media":"","overlay-type":"","overlay-color":"","overlay-opacity":"","overlay-gradient":""}},"ast-content-background-meta":{"desktop":{"background-color":"var(--ast-global-color-5)","background-image":"","background-repeat":"repeat","background-position":"center center","background-size":"auto","background-attachment":"scroll","background-type":"","background-media":"","overlay-type":"","overlay-color":"","overlay-opacity":"","overlay-gradient":""},"tablet":{"background-color":"var(--ast-global-color-5)","background-image":"","background-repeat":"repeat","background-position":"center center","background-size":"auto","background-attachment":"scroll","background-type":"","background-media":"","overlay-type":"","overlay-color":"","overlay-opacity":"","overlay-gradient":""},"mobile":{"background-color":"var(--ast-global-color-5)","background-image":"","background-repeat":"repeat","background-position":"center center","background-size":"auto","background-attachment":"scroll","background-type":"","background-media":"","overlay-type":"","overlay-color":"","overlay-opacity":"","overlay-gradient":""}},"footnotes":""},"class_list":["post-87","page","type-page","status-publish","hentry"],"uagb_featured_image_src":{"full":false,"thumbnail":false,"medium":false,"medium_large":false,"large":false,"1536x1536":false,"2048x2048":false,"trp-custom-language-flag":false,"mailpoet_newsletter_max":false,"woocommerce_thumbnail":false,"woocommerce_single":false,"woocommerce_gallery_thumbnail":false},"uagb_author_info":{"display_name":"Sandrine Tarea","author_link":"https:\/\/westysoloteam.com\/fr\/author\/s-tarea\/"},"uagb_comment_info":0,"uagb_excerpt":"Flore started out as an athlete at a very young age and competed nationally gymnastics competitions. As a kid, you could find Flore organizing her friends into dance routines anytime they got together. When asked what she wanted to be when she grew up, she said, \u201cA dancer!\u201d Her passion for dancing grew and she\u2026","jetpack_sharing_enabled":true,"_links":{"self":[{"href":"https:\/\/westysoloteam.com\/fr\/wp-json\/wp\/v2\/pages\/87","targetHints":{"allow":["GET"]}}],"collection":[{"href":"https:\/\/westysoloteam.com\/fr\/wp-json\/wp\/v2\/pages"}],"about":[{"href":"https:\/\/westysoloteam.com\/fr\/wp-json\/wp\/v2\/types\/page"}],"author":[{"embeddable":true,"href":"https:\/\/westysoloteam.com\/fr\/wp-json\/wp\/v2\/users\/2"}],"replies":[{"embeddable":true,"href":"https:\/\/westysoloteam.com\/fr\/wp-json\/wp\/v2\/comments?post=87"}],"version-history":[{"count":4,"href":"https:\/\/westysoloteam.com\/fr\/wp-json\/wp\/v2\/pages\/87\/revisions"}],"predecessor-version":[{"id":906,"href":"https:\/\/westysoloteam.com\/fr\/wp-json\/wp\/v2\/pages\/87\/revisions\/906"}],"wp:attachment":[{"href":"https:\/\/westysoloteam.com\/fr\/wp-json\/wp\/v2\/media?parent=87"}],"curies":[{"name":"wp","href":"https:\/\/api.w.org\/{rel}","templated":true}]}}